{"id":2393,"date":"2020-07-06T19:58:51","date_gmt":"2020-07-06T19:58:51","guid":{"rendered":"https:\/\/hfscenter.com\/sac-simulasyonu\/"},"modified":"2022-01-03T12:53:18","modified_gmt":"2022-01-03T12:53:18","slug":"scalp-micropigmentation","status":"publish","type":"page","link":"https:\/\/hfscenter.com\/en\/scalp-micropigmentation\/","title":{"rendered":"Scalp Micropigmentation"},"content":{"rendered":"\t\t<div data-elementor-type=\"wp-page\" data-elementor-id=\"2393\" class=\"elementor elementor-2393\">\n\t\t\t\t\t\t<section class=\"elementor-section elementor-top-section elementor-element elementor-element-34889e8 elementor-section-boxed elementor-section-height-default elementor-section-height-default\" data-id=\"34889e8\" data-element_type=\"section\">\n\t\t\t\t\t\t<div class=\"elementor-container elementor-column-gap-default\">\n\t\t\t\t\t<div class=\"elementor-column elementor-col-100 elementor-top-column elementor-element elementor-element-3a2ea30\" data-id=\"3a2ea30\" data-element_type=\"column\">\n\t\t\t<div class=\"elementor-widget-wrap elementor-element-populated\">\n\t\t\t\t\t\t<div class=\"elementor-element elementor-element-2015225 elementor-widget elementor-widget-text-editor\" data-id=\"2015225\" data-element_type=\"widget\" data-widget_type=\"text-editor.default\">\n\t\t\t\t<div class=\"elementor-widget-container\">\n\t\t\t\t\t\t\t<h2><span data-sheets-value=\"{&quot;1&quot;:2,&quot;2&quot;:&quot;WHAT IS SCALP MICROPIGMENTATION?&quot;}\" data-sheets-userformat=\"{&quot;2&quot;:897,&quot;3&quot;:{&quot;1&quot;:0},&quot;10&quot;:0,&quot;11&quot;:4,&quot;12&quot;:0}\">WHAT IS SCALP MICROPIGMENTATION?<\/span><\/h2><p><img decoding=\"async\" class=\" wp-image-2065 alignleft\" src=\"https:\/\/hfscenter.com\/wp-content\/uploads\/2020\/07\/b2-281x300.jpg\" alt=\"sa\u00e7 sim\u00fclasyonu nedir\" width=\"188\" height=\"201\" srcset=\"https:\/\/hfscenter.com\/wp-content\/uploads\/2020\/07\/b2-281x300.jpg 281w, https:\/\/hfscenter.com\/wp-content\/uploads\/2020\/07\/b2-285x304.jpg 285w, https:\/\/hfscenter.com\/wp-content\/uploads\/2020\/07\/b2.jpg 345w\" sizes=\"(max-width: 188px) 100vw, 188px\" \/> <img decoding=\"async\" class=\" wp-image-2064 alignleft\" src=\"https:\/\/hfscenter.com\/wp-content\/uploads\/2020\/07\/b1-281x300.jpg\" alt=\"sa\u00e7 sim\u00fclasyonu\" width=\"188\" height=\"201\" srcset=\"https:\/\/hfscenter.com\/wp-content\/uploads\/2020\/07\/b1-281x300.jpg 281w, https:\/\/hfscenter.com\/wp-content\/uploads\/2020\/07\/b1-285x304.jpg 285w, https:\/\/hfscenter.com\/wp-content\/uploads\/2020\/07\/b1.jpg 345w\" sizes=\"(max-width: 188px) 100vw, 188px\" \/><\/p><p><span data-sheets-value=\"{&quot;1&quot;:2,&quot;2&quot;:&quot;This procedure is known as scalp micropigmentation (SMP), which creates the illusion of fuller hair. Scalp micropigmentation is a method of camouflaging hair loss through the use of herbal-based inks and tiny needles. Serkan Bozkurt is a founder of SMP in Turkey and started to applying this procedure in 2012.&quot;}\" data-sheets-userformat=\"{&quot;2&quot;:897,&quot;3&quot;:{&quot;1&quot;:0},&quot;10&quot;:0,&quot;11&quot;:4,&quot;12&quot;:0}\">This procedure is known as scalp micropigmentation (SMP), which creates the illusion of fuller hair. Scalp micropigmentation is a method of camouflaging hair loss through the use of herbal-based inks and tiny needles. Serkan Bozkurt is a founder of SMP in Turkey and started to applying this procedure in 2012.<\/span><\/p><p><span data-sheets-value=\"{&quot;1&quot;:2,&quot;2&quot;:&quot;This procedure could be classed as an is semi-permanent makeup, but there are some differences between SMP and microblading, such as tool, type of pigments, and technique.&quot;}\" data-sheets-userformat=\"{&quot;2&quot;:897,&quot;3&quot;:{&quot;1&quot;:0},&quot;10&quot;:0,&quot;11&quot;:4,&quot;12&quot;:0}\">This procedure could be classed as an is semi-permanent makeup, but there are some differences between SMP and microblading, such as tool, type of pigments, and technique.<\/span><\/p><p><span data-sheets-value=\"{&quot;1&quot;:2,&quot;2&quot;:&quot;Scalp Micropigmentation is a permanent and non-surgical solution to hair loss. SMP is the process of giving a more dense and bush appearance by applying minor hair effects to your scalp and achieving a more dense and bush appearance with the help of a specially developed device with herbal-based inks. the hair area gets a lot more intense appearance at the end of the process. You can continue your daily life from where you left off after an average of 3-4 hours.&quot;}\" data-sheets-userformat=\"{&quot;2&quot;:897,&quot;3&quot;:{&quot;1&quot;:0},&quot;10&quot;:0,&quot;11&quot;:4,&quot;12&quot;:0}\">Scalp Micropigmentation is a permanent and non-surgical solution to hair loss. SMP is the process of giving a more dense and bush appearance by applying minor hair effects to your scalp and achieving a more dense and bush appearance with the help of a specially developed device with herbal-based inks. the hair area gets a lot more intense appearance at the end of the process. You can continue your daily life from where you left off after an average of 3-4 hours.<\/span><\/p><p><strong>What Equipment Is Used For A Scalp Micropigmenttaion?<\/strong><\/p><p><span data-sheets-value=\"{&quot;1&quot;:2,&quot;2&quot;:&quot;There are some differences between SMP and Tattoo Inks. Scalp Micropigmentation shouldn't use tattoo inks, because they can cause irritation and become discolored.SMP inks should contain natural ingredients and be resistant to fading. This is the main point of SMP inks. It is also necessary to make sure that all the inks used are accredited by the relevant ministry&quot;}\" data-sheets-userformat=\"{&quot;2&quot;:897,&quot;3&quot;:{&quot;1&quot;:0},&quot;10&quot;:0,&quot;11&quot;:4,&quot;12&quot;:0}\">There are some differences between SMP and Tattoo Inks. Scalp Micropigmentation shouldn&#8217;t use tattoo inks, because they can cause irritation and become discolored.SMP inks should contain natural ingredients and be resistant to fading. This is the main point of SMP inks. It is also necessary to make sure that all the inks used are accredited by the relevant ministry<\/span><\/p><p><span data-sheets-value=\"{&quot;1&quot;:2,&quot;2&quot;:&quot;SMP equipment should be equipped with a gold needle to minimize the risk of allergies. Also, needles should be suitable for the thickness of the hair to get a more natural effect. It's important to be mindful of SMP equipment. Choosing a SMP expert who uses the right tools will provide a better experience.&quot;}\" data-sheets-userformat=\"{&quot;2&quot;:897,&quot;3&quot;:{&quot;1&quot;:0},&quot;10&quot;:0,&quot;11&quot;:4,&quot;12&quot;:0}\">SMP equipment should be equipped with a gold needle to minimize the risk of allergies. Also, needles should be suitable for the thickness of the hair to get a more natural effect. It&#8217;s important to be mindful of SMP equipment. Choosing a SMP expert who uses the right tools will provide a better experience.<\/span><\/p><p><strong>What Is The A Difference Between SMP and Tattoo?<\/strong><\/p><p><span data-sheets-value=\"{&quot;1&quot;:2,&quot;2&quot;:&quot;A tattoo is a procedure performed with permanent inks that contain heavy metals and chemicals, which can cause itching, swelling, and irritation. Scalp Micropigmentation on the other hand, is an aesthetic procedure that is completely harmless to human health and is faded from the skin after a while, which should be compatible with the existing hair on the head. For this reason, it is wrong to compare the SMP with the Tattoo, or even to call the scalp micropigmentation a \u201chair tattoo\u201d.&quot;}\" data-sheets-userformat=\"{&quot;2&quot;:897,&quot;3&quot;:{&quot;1&quot;:0},&quot;10&quot;:0,&quot;11&quot;:4,&quot;12&quot;:0}\">A tattoo is a procedure performed with permanent inks that contain heavy metals and chemicals, which can cause itching, swelling, and irritation. Scalp Micropigmentation on the other hand, is an aesthetic procedure that is completely harmless to human health and is faded from the skin after a while, which should be compatible with the existing hair on the head. For this reason, it is wrong to compare the SMP with the Tattoo, or even to call the scalp micropigmentation a \u201chair tattoo\u201d.<\/span><\/p><p><strong><img decoding=\"async\" class=\"size-medium wp-image-1856 alignleft\" src=\"https:\/\/hfscenter.com\/hfscenter\/wp-content\/uploads\/2020\/07\/SerkanBozkurt102-158x300.jpg\" alt=\"\" width=\"158\" height=\"300\" srcset=\"https:\/\/hfscenter.com\/wp-content\/uploads\/2020\/07\/SerkanBozkurt102-158x300.jpg 158w, https:\/\/hfscenter.com\/wp-content\/uploads\/2020\/07\/SerkanBozkurt102.jpg 200w\" sizes=\"(max-width: 158px) 100vw, 158px\" \/><span data-sheets-value=\"{&quot;1&quot;:2,&quot;2&quot;:&quot;Who Is A Good Candidate For Scalp Micropigmentation?&quot;}\" data-sheets-userformat=\"{&quot;2&quot;:17281,&quot;3&quot;:{&quot;1&quot;:0},&quot;10&quot;:0,&quot;11&quot;:4,&quot;12&quot;:0,&quot;17&quot;:1}\">Who Is A Good Candidate For Scalp Micropigmentation?<\/span><br \/><\/strong><\/p><p><span data-sheets-value=\"{&quot;1&quot;:2,&quot;2&quot;:&quot;Both males and females, are biologically suitable for scalp micropigmentation. But since scalp micropigmentation is a cosmetic procedure, a person should clearly know about this process and be psychologically ready for it.&quot;}\" data-sheets-userformat=\"{&quot;2&quot;:897,&quot;3&quot;:{&quot;1&quot;:0},&quot;10&quot;:0,&quot;11&quot;:4,&quot;12&quot;:0}\">Both males and females, are biologically suitable for scalp micropigmentation. But since scalp micropigmentation is a cosmetic procedure, a person should clearly know about this process and be psychologically ready for it.<\/span><\/p><p><span data-sheets-value=\"{&quot;1&quot;:2,&quot;2&quot;:&quot;Scalp micropigmentation is a perfect procedure for people, who is completely bald, for male and female with pattern baldness or thinning hair, and for patients with unsuccessful hair transplant.&quot;}\" data-sheets-userformat=\"{&quot;2&quot;:897,&quot;3&quot;:{&quot;1&quot;:0},&quot;10&quot;:0,&quot;11&quot;:4,&quot;12&quot;:0}\">Scalp micropigmentation is a perfect procedure for people, who is completely bald, for male and female with pattern baldness or thinning hair, and for patients with unsuccessful hair transplant.<\/span><\/p><p><span data-sheets-value=\"{&quot;1&quot;:2,&quot;2&quot;:&quot;People with complete baldness are getting a perfect \\&quot;shaved\\&quot; look with SMP.&quot;}\" data-sheets-userformat=\"{&quot;2&quot;:897,&quot;3&quot;:{&quot;1&quot;:0},&quot;10&quot;:0,&quot;11&quot;:4,&quot;12&quot;:0}\">People with complete baldness are getting a perfect &#8220;shaved&#8221; look with SMP.<\/span><\/p><p><strong>How Long Does Scalp Micropigmentation Last?<\/strong><\/p><p><span data-sheets-value=\"{&quot;1&quot;:2,&quot;2&quot;:&quot;Scalp micropigmentation is considered a permanent treatment. Of course, this procedure also has a period of use, and like all other cosmetic treatments, it must be renewed and retouched for a certain period of time.&quot;}\" data-sheets-userformat=\"{&quot;2&quot;:897,&quot;3&quot;:{&quot;1&quot;:0},&quot;10&quot;:0,&quot;11&quot;:4,&quot;12&quot;:0}\">Scalp micropigmentation is considered a permanent treatment. Of course, this procedure also has a period of use, and like all other cosmetic treatments, it must be renewed and retouched for a certain period of time.<\/span><\/p><p><span data-sheets-value=\"{&quot;1&quot;:2,&quot;2&quot;:&quot;\u201cBut how long does scalp micropigmentation last?\\&quot; it is impossible to answer the question. Depending on the skin type of person scalp micropigmentation lasts 4-6 years, but many factors determine the length of treatment. You  can bolster your SMP very easily with a touch-up appointment.&quot;}\" data-sheets-userformat=\"{&quot;2&quot;:899,&quot;3&quot;:{&quot;1&quot;:0},&quot;4&quot;:{&quot;1&quot;:3,&quot;3&quot;:2},&quot;10&quot;:0,&quot;11&quot;:4,&quot;12&quot;:0}\">\u201cBut how long does scalp micropigmentation last?&#8221; it is impossible to answer the question. Depending on the skin type of person scalp micropigmentation lasts 4-6 years, but many factors determine the length of treatment. You can bolster your SMP very easily with a touch-up appointment.<\/span><\/p><p><span data-sheets-value=\"{&quot;1&quot;:2,&quot;2&quot;:&quot;Many elements such as chlorine, sunlight, cosmetic materials used affect the period of use scalp micropigmentation.&quot;}\" data-sheets-userformat=\"{&quot;2&quot;:897,&quot;3&quot;:{&quot;1&quot;:0},&quot;10&quot;:0,&quot;11&quot;:4,&quot;12&quot;:0}\">Many elements such as chlorine, sunlight, cosmetic materials used affect the period of use scalp micropigmentation.<\/span><\/p><p><strong>What Should I Pay Attention After Scalp Micropigmentation?<\/strong><\/p><p><span data-sheets-value=\"{&quot;1&quot;:2,&quot;2&quot;:&quot;There are no points that you should pay special attention to after scalp micropigmentation. Directly after scalp micropigmentation, you can resume your daily life from where you left off. There are no products that you need to use, such as a cream, a special shampoo or a care product.&quot;}\" data-sheets-userformat=\"{&quot;2&quot;:897,&quot;3&quot;:{&quot;1&quot;:0},&quot;10&quot;:0,&quot;11&quot;:4,&quot;12&quot;:0}\">There are no points that you should pay special attention to after scalp micropigmentation. Directly after scalp micropigmentation, you can resume your daily life from where you left off. There are no products that you need to use, such as a cream, a special shampoo or a care product.<\/span><\/p><p><strong>Which one is better:Scalp Micropigmentation,Hair Transplant or Prothestic Hair?<\/strong><\/p><p><span data-sheets-value=\"{&quot;1&quot;:2,&quot;2&quot;:&quot;You have to answer this question by yourself. All three forms of treatment have their own special advantages and disadvantages. It is necessary to determine what your expectations are from the procedure and ensure that procedure is aimed at solving your issues.&quot;}\" data-sheets-userformat=\"{&quot;2&quot;:899,&quot;3&quot;:{&quot;1&quot;:0},&quot;4&quot;:{&quot;1&quot;:3,&quot;3&quot;:2},&quot;10&quot;:0,&quot;11&quot;:4,&quot;12&quot;:0}\">You have to answer this question by yourself. All three forms of treatment have their own special advantages and disadvantages. It is necessary to determine what your expectations are from the procedure and ensure that procedure is aimed at solving your issues.<\/span><\/p><p><strong>Scalp Micropigmentation Cost<\/strong><\/p><p><span data-sheets-value=\"{&quot;1&quot;:2,&quot;2&quot;:&quot;To determine the price of treatment, first of all, the expert must see the person's scalp and baldness area. For this reason, the person must visit the center, where the scalp micro pigmentation will be performed. To cover the baldness areas some people need one session and one expert, while for other people scalp micro pigmentation will perform two or more sessions and with several experts. For this reason, it is unlikely to give a price just by analyzing a picture of the baldness area or to offer a fixed price.&quot;}\" data-sheets-userformat=\"{&quot;2&quot;:897,&quot;3&quot;:{&quot;1&quot;:0},&quot;10&quot;:0,&quot;11&quot;:4,&quot;12&quot;:0}\">To determine the price of treatment, first of all, the expert must see the person&#8217;s scalp and baldness area. For this reason, the person must visit the center, where the scalp micro pigmentation will be performed. To cover the baldness areas some people need one session and one expert, while for other people scalp micro pigmentation will perform two or more sessions and with several experts. For this reason, it is unlikely to give a price just by analyzing a picture of the baldness area or to offer a fixed price.<\/span><\/p>\t\t\t\t\t\t<\/div>\n\t\t\t\t<\/div>\n\t\t\t\t\t<\/div>\n\t\t<\/div>\n\t\t\t\t\t<\/div>\n\t\t<\/section>\n\t\t\t\t<\/div>\n\t\t","protected":false},"excerpt":{"rendered":"<p>WHAT IS SCALP MICROPIGMENTATION? This procedure is known as scalp micropigmentation (SMP), which creates the illusion of fuller&#8230;<\/p>\n","protected":false},"author":1,"featured_media":2318,"parent":0,"menu_order":0,"comment_status":"closed","ping_status":"closed","template":"elementor_header_footer","meta":{"footnotes":""},"class_list":["post-2393","page","type-page","status-publish","has-post-thumbnail","hentry"],"yoast_head":"<!-- This site is optimized with the Yoast SEO plugin v24.0 - https:\/\/yoast.com\/wordpress\/plugins\/seo\/ -->\n<title>Sa\u00e7 Sim\u00fclasyonu Nedir? Sa\u00e7 Ekimi ile Aras\u0131ndaki Farklar - HFS Center<\/title>\n<meta name=\"description\" content=\"Sa\u00e7 Sim\u00fclasyonu Nedir? Sa\u00e7 d\u00f6vmesi ile ayn\u0131 m\u0131 ? Sa\u00e7 Ekimi ile Aras\u0131ndaki Farklar hakk\u0131nda bilgi almak i\u00e7in bizimle ileti\u015fime ge\u00e7in!\" \/>\n<meta name=\"robots\" content=\"index, follow, max-snippet:-1, max-image-preview:large, max-video-preview:-1\" \/>\n<link rel=\"canonical\" href=\"https:\/\/hfscenter.com\/scalp-micropigmentation\/\" \/>\n<meta property=\"og:locale\" content=\"tr_TR\" \/>\n<meta property=\"og:type\" content=\"article\" \/>\n<meta property=\"og:title\" content=\"Sa\u00e7 Sim\u00fclasyonu Nedir? Sa\u00e7 Ekimi ile Aras\u0131ndaki Farklar - HFS Center\" \/>\n<meta property=\"og:description\" content=\"Sa\u00e7 Sim\u00fclasyonu Nedir? Sa\u00e7 d\u00f6vmesi ile ayn\u0131 m\u0131 ? Sa\u00e7 Ekimi ile Aras\u0131ndaki Farklar hakk\u0131nda bilgi almak i\u00e7in bizimle ileti\u015fime ge\u00e7in!\" \/>\n<meta property=\"og:url\" content=\"https:\/\/hfscenter.com\/en\/scalp-micropigmentation\/\" \/>\n<meta property=\"og:site_name\" content=\"HFS Center\" \/>\n<meta property=\"article:publisher\" content=\"https:\/\/www.facebook.com\/3dsacsimulasyonu\/\" \/>\n<meta property=\"article:modified_time\" content=\"2022-01-03T12:53:18+00:00\" \/>\n<meta property=\"og:image\" content=\"https:\/\/hfscenter.com\/wp-content\/uploads\/2020\/08\/sac-similasyonufiyatlari.jpg\" \/>\n\t<meta property=\"og:image:width\" content=\"1920\" \/>\n\t<meta property=\"og:image:height\" content=\"1280\" \/>\n\t<meta property=\"og:image:type\" content=\"image\/jpeg\" \/>\n<meta name=\"twitter:card\" content=\"summary_large_image\" \/>\n<meta name=\"twitter:site\" content=\"@3dsacsimulasyon\" \/>\n<meta name=\"twitter:label1\" content=\"Tahmini okuma s\u00fcresi\" \/>\n\t<meta name=\"twitter:data1\" content=\"6 dakika\" \/>\n<!-- \/ Yoast SEO plugin. -->","yoast_head_json":{"title":"Sa\u00e7 Sim\u00fclasyonu Nedir? Sa\u00e7 Ekimi ile Aras\u0131ndaki Farklar - HFS Center","description":"Sa\u00e7 Sim\u00fclasyonu Nedir? Sa\u00e7 d\u00f6vmesi ile ayn\u0131 m\u0131 ? Sa\u00e7 Ekimi ile Aras\u0131ndaki Farklar hakk\u0131nda bilgi almak i\u00e7in bizimle ileti\u015fime ge\u00e7in!","robots":{"index":"index","follow":"follow","max-snippet":"max-snippet:-1","max-image-preview":"max-image-preview:large","max-video-preview":"max-video-preview:-1"},"canonical":"https:\/\/hfscenter.com\/scalp-micropigmentation\/","og_locale":"tr_TR","og_type":"article","og_title":"Sa\u00e7 Sim\u00fclasyonu Nedir? Sa\u00e7 Ekimi ile Aras\u0131ndaki Farklar - HFS Center","og_description":"Sa\u00e7 Sim\u00fclasyonu Nedir? Sa\u00e7 d\u00f6vmesi ile ayn\u0131 m\u0131 ? Sa\u00e7 Ekimi ile Aras\u0131ndaki Farklar hakk\u0131nda bilgi almak i\u00e7in bizimle ileti\u015fime ge\u00e7in!","og_url":"https:\/\/hfscenter.com\/en\/scalp-micropigmentation\/","og_site_name":"HFS Center","article_publisher":"https:\/\/www.facebook.com\/3dsacsimulasyonu\/","article_modified_time":"2022-01-03T12:53:18+00:00","og_image":[{"width":1920,"height":1280,"url":"https:\/\/hfscenter.com\/wp-content\/uploads\/2020\/08\/sac-similasyonufiyatlari.jpg","type":"image\/jpeg"}],"twitter_card":"summary_large_image","twitter_site":"@3dsacsimulasyon","twitter_misc":{"Tahmini okuma s\u00fcresi":"6 dakika"},"schema":{"@context":"https:\/\/schema.org","@graph":[{"@type":"WebPage","@id":"https:\/\/hfscenter.com\/en\/scalp-micropigmentation\/","url":"https:\/\/hfscenter.com\/en\/scalp-micropigmentation\/","name":"Sa\u00e7 Sim\u00fclasyonu Nedir? Sa\u00e7 Ekimi ile Aras\u0131ndaki Farklar - HFS Center","isPartOf":{"@id":"https:\/\/hfscenter.com\/#website"},"primaryImageOfPage":{"@id":"https:\/\/hfscenter.com\/en\/scalp-micropigmentation\/#primaryimage"},"image":{"@id":"https:\/\/hfscenter.com\/en\/scalp-micropigmentation\/#primaryimage"},"thumbnailUrl":"https:\/\/hfscenter.com\/wp-content\/uploads\/2020\/08\/sac-similasyonufiyatlari.jpg","datePublished":"2020-07-06T19:58:51+00:00","dateModified":"2022-01-03T12:53:18+00:00","description":"Sa\u00e7 Sim\u00fclasyonu Nedir? Sa\u00e7 d\u00f6vmesi ile ayn\u0131 m\u0131 ? Sa\u00e7 Ekimi ile Aras\u0131ndaki Farklar hakk\u0131nda bilgi almak i\u00e7in bizimle ileti\u015fime ge\u00e7in!","breadcrumb":{"@id":"https:\/\/hfscenter.com\/en\/scalp-micropigmentation\/#breadcrumb"},"inLanguage":"tr","potentialAction":[{"@type":"ReadAction","target":["https:\/\/hfscenter.com\/en\/scalp-micropigmentation\/"]}]},{"@type":"ImageObject","inLanguage":"tr","@id":"https:\/\/hfscenter.com\/en\/scalp-micropigmentation\/#primaryimage","url":"https:\/\/hfscenter.com\/wp-content\/uploads\/2020\/08\/sac-similasyonufiyatlari.jpg","contentUrl":"https:\/\/hfscenter.com\/wp-content\/uploads\/2020\/08\/sac-similasyonufiyatlari.jpg","width":1920,"height":1280},{"@type":"BreadcrumbList","@id":"https:\/\/hfscenter.com\/en\/scalp-micropigmentation\/#breadcrumb","itemListElement":[{"@type":"ListItem","position":1,"name":"Ana sayfa","item":"https:\/\/hfscenter.com\/"},{"@type":"ListItem","position":2,"name":"Scalp Micropigmentation"}]},{"@type":"WebSite","@id":"https:\/\/hfscenter.com\/#website","url":"https:\/\/hfscenter.com\/","name":"HFS Center","description":"Sa\u00e7 Sim\u00fclasyonu Merkezi","publisher":{"@id":"https:\/\/hfscenter.com\/#organization"},"potentialAction":[{"@type":"SearchAction","target":{"@type":"EntryPoint","urlTemplate":"https:\/\/hfscenter.com\/?s={search_term_string}"},"query-input":{"@type":"PropertyValueSpecification","valueRequired":true,"valueName":"search_term_string"}}],"inLanguage":"tr"},{"@type":"Organization","@id":"https:\/\/hfscenter.com\/#organization","name":"Hfs Center Sa\u00e7 Sim\u00fclasyonu","url":"https:\/\/hfscenter.com\/","logo":{"@type":"ImageObject","inLanguage":"tr","@id":"https:\/\/hfscenter.com\/#\/schema\/logo\/image\/","url":"https:\/\/hfscenter.com\/wp-content\/uploads\/2018\/07\/HFSCenterLogo.png","contentUrl":"https:\/\/hfscenter.com\/wp-content\/uploads\/2018\/07\/HFSCenterLogo.png","width":110,"height":43,"caption":"Hfs Center Sa\u00e7 Sim\u00fclasyonu"},"image":{"@id":"https:\/\/hfscenter.com\/#\/schema\/logo\/image\/"},"sameAs":["https:\/\/www.facebook.com\/3dsacsimulasyonu\/","https:\/\/x.com\/3dsacsimulasyon","https:\/\/www.instagram.com\/3dsacsimulasyonu\/"]}]}},"_links":{"self":[{"href":"https:\/\/hfscenter.com\/en\/wp-json\/wp\/v2\/pages\/2393\/"}],"collection":[{"href":"https:\/\/hfscenter.com\/en\/wp-json\/wp\/v2\/pages\/"}],"about":[{"href":"https:\/\/hfscenter.com\/en\/wp-json\/wp\/v2\/types\/page\/"}],"author":[{"embeddable":true,"href":"https:\/\/hfscenter.com\/en\/wp-json\/wp\/v2\/users\/1\/"}],"replies":[{"embeddable":true,"href":"https:\/\/hfscenter.com\/en\/wp-json\/wp\/v2\/comments\/?post=2393"}],"version-history":[{"count":5,"href":"https:\/\/hfscenter.com\/en\/wp-json\/wp\/v2\/pages\/2393\/revisions\/"}],"predecessor-version":[{"id":2410,"href":"https:\/\/hfscenter.com\/en\/wp-json\/wp\/v2\/pages\/2393\/revisions\/2410\/"}],"wp:featuredmedia":[{"embeddable":true,"href":"https:\/\/hfscenter.com\/en\/wp-json\/wp\/v2\/media\/2318\/"}],"wp:attachment":[{"href":"https:\/\/hfscenter.com\/en\/wp-json\/wp\/v2\/media\/?parent=2393"}],"curies":[{"name":"wp","href":"https:\/\/api.w.org\/{rel}","templated":true}]}}