{"id":2420,"date":"2018-07-28T16:07:51","date_gmt":"2018-07-28T16:07:51","guid":{"rendered":"https:\/\/hfscenter.com\/iletisim\/"},"modified":"2022-01-03T13:00:04","modified_gmt":"2022-01-03T13:00:04","slug":"contact","status":"publish","type":"page","link":"https:\/\/hfscenter.com\/en\/contact\/","title":{"rendered":"Contact"},"content":{"rendered":"\t\t<div data-elementor-type=\"wp-post\" data-elementor-id=\"2420\" class=\"elementor elementor-2420\">\n\t\t\t\t\t\t<section class=\"elementor-section elementor-top-section elementor-element elementor-element-0a04b29 elementor-section-full_width elementor-section-height-default elementor-section-height-default\" data-id=\"0a04b29\" data-element_type=\"section\">\n\t\t\t\t\t\t<div class=\"elementor-container elementor-column-gap-no\">\n\t\t\t\t\t<div class=\"elementor-column elementor-col-100 elementor-top-column elementor-element elementor-element-de59c61\" data-id=\"de59c61\" data-element_type=\"column\">\n\t\t\t<div class=\"elementor-widget-wrap elementor-element-populated\">\n\t\t\t\t\t\t<div class=\"elementor-element elementor-element-9cceda7 elementor-widget elementor-widget-html\" data-id=\"9cceda7\" data-element_type=\"widget\" data-widget_type=\"html.default\">\n\t\t\t\t<div class=\"elementor-widget-container\">\n\t\t\t<iframe src=\"https:\/\/www.google.com\/maps\/embed?pb=!1m14!1m8!1m3!1d24094.37408686906!2d29.111451000000002!3d40.985931!3m2!1i1024!2i768!4f13.1!3m3!1m2!1s0x0%3A0x7f1ab2d6ed6ab7a!2sHfs%20Center%20Sa%C3%A7%20Sim%C3%BClasyonu%20Merkezi!5e0!3m2!1str!2str!4v1594067705818!5m2!1str!2str\" width=\"100%\" height=\"450\" frameborder=\"0\" style=\"border:0;\" allowfullscreen=\"\" aria-hidden=\"false\" tabindex=\"0\"><\/iframe>\t\t<\/div>\n\t\t\t\t<\/div>\n\t\t\t\t\t<\/div>\n\t\t<\/div>\n\t\t\t\t\t<\/div>\n\t\t<\/section>\n\t\t\t\t<section class=\"elementor-section elementor-top-section elementor-element elementor-element-c1153d9 elementor-section-boxed elementor-section-height-default elementor-section-height-default\" data-id=\"c1153d9\" data-element_type=\"section\">\n\t\t\t\t\t\t<div class=\"elementor-container elementor-column-gap-default\">\n\t\t\t\t\t<div class=\"elementor-column elementor-col-50 elementor-top-column elementor-element elementor-element-457ea2f\" data-id=\"457ea2f\" data-element_type=\"column\">\n\t\t\t<div class=\"elementor-widget-wrap elementor-element-populated\">\n\t\t\t\t\t\t<div class=\"elementor-element elementor-element-4675044 elementor-widget elementor-widget-heading\" data-id=\"4675044\" data-element_type=\"widget\" data-widget_type=\"heading.default\">\n\t\t\t\t<div class=\"elementor-widget-container\">\n\t\t\t<h3 class=\"elementor-heading-title elementor-size-default elementor-heading-title elementor-align-after-center\">Contact <b>Us<\/b><\/h3>\t\t<\/div>\n\t\t\t\t<\/div>\n\t\t\t\t<div class=\"elementor-element elementor-element-4de9cfc elementor-widget-divider--view-line_icon elementor-view-default elementor-widget-divider--element-align-center elementor-widget elementor-widget-divider\" data-id=\"4de9cfc\" data-element_type=\"widget\" data-widget_type=\"divider.default\">\n\t\t\t\t<div class=\"elementor-widget-container\">\n\t\t\t\t\t<div class=\"elementor-divider\">\n\t\t\t<span class=\"elementor-divider-separator\">\n\t\t\t\t\t\t\t<div class=\"elementor-icon elementor-divider__element\">\n\t\t\t\t\t<i aria-hidden=\"true\" class=\"fas fa-star\"><\/i><\/div>\n\t\t\t\t\t\t<\/span>\n\t\t<\/div>\n\t\t\t\t<\/div>\n\t\t\t\t<\/div>\n\t\t\t\t<div class=\"elementor-element elementor-element-5b6d255 elementor-icon-list--layout-traditional elementor-list-item-link-full_width elementor-widget elementor-widget-icon-list\" data-id=\"5b6d255\" data-element_type=\"widget\" data-widget_type=\"icon-list.default\">\n\t\t\t\t<div class=\"elementor-widget-container\">\n\t\t\t\t\t<ul class=\"elementor-icon-list-items\">\n\t\t\t\t\t\t\t<li class=\"elementor-icon-list-item\">\n\t\t\t\t\t\t\t\t\t\t\t<span class=\"elementor-icon-list-icon\">\n\t\t\t\t\t\t\t<i aria-hidden=\"true\" class=\"fas fa-map-marker-alt\"><\/i>\t\t\t\t\t\t<\/span>\n\t\t\t\t\t\t\t\t\t\t<span class=\"elementor-icon-list-text\"><font color=\"#222222\" face=\"arial, sans-serif\"><span style=\"font-size: 14px; white-space: normal;\">K\u00fc\u00e7\u00fckbakkalk\u00f6y, Yenido\u011fan Cd. No 10 A, 34750&nbsp;<\/span><\/font><br><font color=\"#222222\" face=\"arial, sans-serif\"><span style=\"font-size: 14px; white-space: normal;\">Ata\u015fehir\/\u0130stanbul<\/span><\/font><\/span>\n\t\t\t\t\t\t\t\t\t<\/li>\n\t\t\t\t\t\t\t\t<li class=\"elementor-icon-list-item\">\n\t\t\t\t\t\t\t\t\t\t\t<span class=\"elementor-icon-list-icon\">\n\t\t\t\t\t\t\t<i aria-hidden=\"true\" class=\"fas fa-phone-alt\"><\/i>\t\t\t\t\t\t<\/span>\n\t\t\t\t\t\t\t\t\t\t<span class=\"elementor-icon-list-text\">+90 444 26 17<\/span>\n\t\t\t\t\t\t\t\t\t<\/li>\n\t\t\t\t\t\t\t\t<li class=\"elementor-icon-list-item\">\n\t\t\t\t\t\t\t\t\t\t\t<span class=\"elementor-icon-list-icon\">\n\t\t\t\t\t\t\t<i aria-hidden=\"true\" class=\"fas fa-phone-alt\"><\/i>\t\t\t\t\t\t<\/span>\n\t\t\t\t\t\t\t\t\t\t<span class=\"elementor-icon-list-text\">+90 212 266 78 20<\/span>\n\t\t\t\t\t\t\t\t\t<\/li>\n\t\t\t\t\t\t\t\t<li class=\"elementor-icon-list-item\">\n\t\t\t\t\t\t\t\t\t\t\t<span class=\"elementor-icon-list-icon\">\n\t\t\t\t\t\t\t<i aria-hidden=\"true\" class=\"fas fa-phone-alt\"><\/i>\t\t\t\t\t\t<\/span>\n\t\t\t\t\t\t\t\t\t\t<span class=\"elementor-icon-list-text\">+90 546 446 48 02<\/span>\n\t\t\t\t\t\t\t\t\t<\/li>\n\t\t\t\t\t\t\t\t<li class=\"elementor-icon-list-item\">\n\t\t\t\t\t\t\t\t\t\t\t<span class=\"elementor-icon-list-icon\">\n\t\t\t\t\t\t\t<i aria-hidden=\"true\" class=\"fas fa-envelope\"><\/i>\t\t\t\t\t\t<\/span>\n\t\t\t\t\t\t\t\t\t\t<span class=\"elementor-icon-list-text\">hfscenter@gmail.com<\/span>\n\t\t\t\t\t\t\t\t\t<\/li>\n\t\t\t\t\t\t<\/ul>\n\t\t\t\t<\/div>\n\t\t\t\t<\/div>\n\t\t\t\t\t<\/div>\n\t\t<\/div>\n\t\t\t\t<div class=\"elementor-column elementor-col-50 elementor-top-column elementor-element elementor-element-3cca13e\" data-id=\"3cca13e\" data-element_type=\"column\">\n\t\t\t<div class=\"elementor-widget-wrap elementor-element-populated\">\n\t\t\t\t\t\t<div class=\"elementor-element elementor-element-5612d92 elementor-widget elementor-widget-heading\" data-id=\"5612d92\" data-element_type=\"widget\" data-widget_type=\"heading.default\">\n\t\t\t\t<div class=\"elementor-widget-container\">\n\t\t\t<h3 class=\"elementor-heading-title elementor-size-default elementor-heading-title elementor-align-after-center\">Send <b>Message<\/b><\/h3>\t\t<\/div>\n\t\t\t\t<\/div>\n\t\t\t\t<div class=\"elementor-element elementor-element-32318c8 elementor-widget-divider--view-line_icon elementor-view-default elementor-widget-divider--element-align-center elementor-widget elementor-widget-divider\" data-id=\"32318c8\" data-element_type=\"widget\" data-widget_type=\"divider.default\">\n\t\t\t\t<div class=\"elementor-widget-container\">\n\t\t\t\t\t<div class=\"elementor-divider\">\n\t\t\t<span class=\"elementor-divider-separator\">\n\t\t\t\t\t\t\t<div class=\"elementor-icon elementor-divider__element\">\n\t\t\t\t\t<i aria-hidden=\"true\" class=\"fas fa-star\"><\/i><\/div>\n\t\t\t\t\t\t<\/span>\n\t\t<\/div>\n\t\t\t\t<\/div>\n\t\t\t\t<\/div>\n\t\t\t\t<div class=\"elementor-element elementor-element-830e318 elementor-widget elementor-widget-shortcode\" data-id=\"830e318\" data-element_type=\"widget\" data-widget_type=\"shortcode.default\">\n\t\t\t\t<div class=\"elementor-widget-container\">\n\t\t\t\t\t<div class=\"elementor-shortcode\">\n<div class=\"wpcf7 no-js\" id=\"wpcf7-f2405-o1\" lang=\"tr-TR\" dir=\"ltr\" data-wpcf7-id=\"2405\">\n<div class=\"screen-reader-response\"><p role=\"status\" aria-live=\"polite\" aria-atomic=\"true\"><\/p> <ul><\/ul><\/div>\n<form action=\"\/en\/wp-json\/wp\/v2\/pages\/2420#wpcf7-f2405-o1\" method=\"post\" class=\"wpcf7-form init\" aria-label=\"\u0130leti\u015fim Formu\" novalidate=\"novalidate\" data-status=\"init\">\n<div style=\"display: none;\">\n<input type=\"hidden\" name=\"_wpcf7\" value=\"2405\" \/>\n<input type=\"hidden\" name=\"_wpcf7_version\" value=\"6.0.1\" \/>\n<input type=\"hidden\" name=\"_wpcf7_locale\" value=\"tr_TR\" \/>\n<input type=\"hidden\" name=\"_wpcf7_unit_tag\" value=\"wpcf7-f2405-o1\" \/>\n<input type=\"hidden\" name=\"_wpcf7_container_post\" value=\"0\" \/>\n<input type=\"hidden\" name=\"_wpcf7_posted_data_hash\" value=\"\" \/>\n<\/div>\n<div class=\"row\">\n\t<div class=\"col-md-4\">\n\t\t<p><span class=\"wpcf7-form-control-wrap\" data-name=\"your-name\"><input size=\"40\" maxlength=\"400\" class=\"wpcf7-form-control wpcf7-text wpcf7-validates-as-required\" aria-required=\"true\" aria-invalid=\"false\" placeholder=\"Full Name*\" value=\"\" type=\"text\" name=\"your-name\" \/><\/span>\n\t\t<\/p>\n\t<\/div>\n\t<div class=\"col-md-4\">\n\t\t<p><span class=\"wpcf7-form-control-wrap\" data-name=\"mail\"><input size=\"40\" maxlength=\"400\" class=\"wpcf7-form-control wpcf7-email wpcf7-validates-as-required wpcf7-text wpcf7-validates-as-email\" aria-required=\"true\" aria-invalid=\"false\" placeholder=\"E-mail*\" value=\"\" type=\"email\" name=\"mail\" \/><\/span>\n\t\t<\/p>\n\t<\/div>\n\t<div class=\"col-md-4\">\n\t\t<p><span class=\"wpcf7-form-control-wrap\" data-name=\"phone\"><input size=\"40\" maxlength=\"400\" class=\"wpcf7-form-control wpcf7-tel wpcf7-validates-as-required wpcf7-text wpcf7-validates-as-tel\" aria-required=\"true\" aria-invalid=\"false\" placeholder=\"Phone*\" value=\"\" type=\"tel\" name=\"phone\" \/><\/span>\n\t\t<\/p>\n\t<\/div>\n<\/div>\n<div class=\"row\">\n\t<div class=\"col-md-12\">\n\t\t<p><span class=\"wpcf7-form-control-wrap\" data-name=\"Help\"><textarea cols=\"10\" rows=\"3\" maxlength=\"2000\" class=\"wpcf7-form-control wpcf7-textarea wpcf7-validates-as-required\" aria-required=\"true\" aria-invalid=\"false\" placeholder=\"Your Message*\" name=\"Help\"><\/textarea><\/span>\n\t\t<\/p>\n\t<\/div>\n<\/div>\n<p><input class=\"wpcf7-form-control wpcf7-submit has-spinner\" type=\"submit\" value=\"SUBMIT\" \/>\n<\/p><div class=\"wpcf7-response-output\" aria-hidden=\"true\"><\/div>\n<\/form>\n<\/div>\n<\/div>\n\t\t\t\t<\/div>\n\t\t\t\t<\/div>\n\t\t\t\t\t<\/div>\n\t\t<\/div>\n\t\t\t\t\t<\/div>\n\t\t<\/section>\n\t\t\t\t<\/div>\n\t\t","protected":false},"excerpt":{"rendered":"<p>Contact Us K\u00fc\u00e7\u00fckbakkalk\u00f6y, Yenido\u011fan Cd. No 10 A, 34750&nbsp;Ata\u015fehir\/\u0130stanbul +90 444 26 17 +90 212 266 78 20&#8230;<\/p>\n","protected":false},"author":1,"featured_media":0,"parent":0,"menu_order":0,"comment_status":"closed","ping_status":"closed","template":"elementor_header_footer","meta":{"footnotes":""},"class_list":["post-2420","page","type-page","status-publish","hentry"],"yoast_head":"<!-- This site is optimized with the Yoast SEO plugin v24.0 - https:\/\/yoast.com\/wordpress\/plugins\/seo\/ -->\n<title>Contact - HFS Center<\/title>\n<meta name=\"robots\" content=\"index, follow, max-snippet:-1, max-image-preview:large, max-video-preview:-1\" \/>\n<link rel=\"canonical\" href=\"https:\/\/hfscenter.com\/contact\/\" \/>\n<meta property=\"og:locale\" content=\"tr_TR\" \/>\n<meta property=\"og:type\" content=\"article\" \/>\n<meta property=\"og:title\" content=\"Contact - HFS Center\" \/>\n<meta property=\"og:description\" content=\"Contact Us K\u00fc\u00e7\u00fckbakkalk\u00f6y, Yenido\u011fan Cd. No 10 A, 34750&nbsp;Ata\u015fehir\/\u0130stanbul +90 444 26 17 +90 212 266 78 20...\" \/>\n<meta property=\"og:url\" content=\"https:\/\/hfscenter.com\/en\/contact\/\" \/>\n<meta property=\"og:site_name\" content=\"HFS Center\" \/>\n<meta property=\"article:publisher\" content=\"https:\/\/www.facebook.com\/3dsacsimulasyonu\/\" \/>\n<meta property=\"article:modified_time\" content=\"2022-01-03T13:00:04+00:00\" \/>\n<meta property=\"og:image\" content=\"https:\/\/hfscenter.com\/wp-content\/uploads\/2020\/08\/sac-similasyonufiyatlari.jpg\" \/>\n\t<meta property=\"og:image:width\" content=\"1920\" \/>\n\t<meta property=\"og:image:height\" content=\"1280\" \/>\n\t<meta property=\"og:image:type\" content=\"image\/jpeg\" \/>\n<meta name=\"twitter:card\" content=\"summary_large_image\" \/>\n<meta name=\"twitter:site\" content=\"@3dsacsimulasyon\" \/>\n<!-- \/ Yoast SEO plugin. -->","yoast_head_json":{"title":"Contact - HFS Center","robots":{"index":"index","follow":"follow","max-snippet":"max-snippet:-1","max-image-preview":"max-image-preview:large","max-video-preview":"max-video-preview:-1"},"canonical":"https:\/\/hfscenter.com\/contact\/","og_locale":"tr_TR","og_type":"article","og_title":"Contact - HFS Center","og_description":"Contact Us K\u00fc\u00e7\u00fckbakkalk\u00f6y, Yenido\u011fan Cd. No 10 A, 34750&nbsp;Ata\u015fehir\/\u0130stanbul +90 444 26 17 +90 212 266 78 20...","og_url":"https:\/\/hfscenter.com\/en\/contact\/","og_site_name":"HFS Center","article_publisher":"https:\/\/www.facebook.com\/3dsacsimulasyonu\/","article_modified_time":"2022-01-03T13:00:04+00:00","og_image":[{"width":1920,"height":1280,"url":"https:\/\/hfscenter.com\/wp-content\/uploads\/2020\/08\/sac-similasyonufiyatlari.jpg","type":"image\/jpeg"}],"twitter_card":"summary_large_image","twitter_site":"@3dsacsimulasyon","schema":{"@context":"https:\/\/schema.org","@graph":[{"@type":"WebPage","@id":"https:\/\/hfscenter.com\/en\/contact\/","url":"https:\/\/hfscenter.com\/en\/contact\/","name":"Contact - HFS Center","isPartOf":{"@id":"https:\/\/hfscenter.com\/#website"},"datePublished":"2018-07-28T16:07:51+00:00","dateModified":"2022-01-03T13:00:04+00:00","breadcrumb":{"@id":"https:\/\/hfscenter.com\/en\/contact\/#breadcrumb"},"inLanguage":"tr","potentialAction":[{"@type":"ReadAction","target":["https:\/\/hfscenter.com\/en\/contact\/"]}]},{"@type":"BreadcrumbList","@id":"https:\/\/hfscenter.com\/en\/contact\/#breadcrumb","itemListElement":[{"@type":"ListItem","position":1,"name":"Ana sayfa","item":"https:\/\/hfscenter.com\/"},{"@type":"ListItem","position":2,"name":"Contact"}]},{"@type":"WebSite","@id":"https:\/\/hfscenter.com\/#website","url":"https:\/\/hfscenter.com\/","name":"HFS Center","description":"Sa\u00e7 Sim\u00fclasyonu Merkezi","publisher":{"@id":"https:\/\/hfscenter.com\/#organization"},"potentialAction":[{"@type":"SearchAction","target":{"@type":"EntryPoint","urlTemplate":"https:\/\/hfscenter.com\/?s={search_term_string}"},"query-input":{"@type":"PropertyValueSpecification","valueRequired":true,"valueName":"search_term_string"}}],"inLanguage":"tr"},{"@type":"Organization","@id":"https:\/\/hfscenter.com\/#organization","name":"Hfs Center Sa\u00e7 Sim\u00fclasyonu","url":"https:\/\/hfscenter.com\/","logo":{"@type":"ImageObject","inLanguage":"tr","@id":"https:\/\/hfscenter.com\/#\/schema\/logo\/image\/","url":"https:\/\/hfscenter.com\/wp-content\/uploads\/2018\/07\/HFSCenterLogo.png","contentUrl":"https:\/\/hfscenter.com\/wp-content\/uploads\/2018\/07\/HFSCenterLogo.png","width":110,"height":43,"caption":"Hfs Center Sa\u00e7 Sim\u00fclasyonu"},"image":{"@id":"https:\/\/hfscenter.com\/#\/schema\/logo\/image\/"},"sameAs":["https:\/\/www.facebook.com\/3dsacsimulasyonu\/","https:\/\/x.com\/3dsacsimulasyon","https:\/\/www.instagram.com\/3dsacsimulasyonu\/"]}]}},"_links":{"self":[{"href":"https:\/\/hfscenter.com\/en\/wp-json\/wp\/v2\/pages\/2420\/"}],"collection":[{"href":"https:\/\/hfscenter.com\/en\/wp-json\/wp\/v2\/pages\/"}],"about":[{"href":"https:\/\/hfscenter.com\/en\/wp-json\/wp\/v2\/types\/page\/"}],"author":[{"embeddable":true,"href":"https:\/\/hfscenter.com\/en\/wp-json\/wp\/v2\/users\/1\/"}],"replies":[{"embeddable":true,"href":"https:\/\/hfscenter.com\/en\/wp-json\/wp\/v2\/comments\/?post=2420"}],"version-history":[{"count":4,"href":"https:\/\/hfscenter.com\/en\/wp-json\/wp\/v2\/pages\/2420\/revisions\/"}],"predecessor-version":[{"id":2424,"href":"https:\/\/hfscenter.com\/en\/wp-json\/wp\/v2\/pages\/2420\/revisions\/2424\/"}],"wp:attachment":[{"href":"https:\/\/hfscenter.com\/en\/wp-json\/wp\/v2\/media\/?parent=2420"}],"curies":[{"name":"wp","href":"https:\/\/api.w.org\/{rel}","templated":true}]}}